{"id":2434,"date":"2018-02-08T22:09:20","date_gmt":"2018-02-08T22:09:20","guid":{"rendered":"https:\/\/newasiangarden.se\/?page_id=2434"},"modified":"2026-04-30T13:11:12","modified_gmt":"2026-04-30T13:11:12","slug":"a-la-carte","status":"publish","type":"page","link":"https:\/\/newasiangarden.se\/?page_id=2434","title":{"rendered":"\u00c0 la carte"},"content":{"rendered":"<h3 style=\"text-align: center;\"><span style=\"color: #ff0000;\"><strong>OBS! Sista best\u00e4llning 20:30<\/strong><\/span><\/h3>\n<p style=\"text-align: center;\"><span style=\"color: #000000;\"><strong><em>OBS ! Om du \u00e4r allergisk mot n\u00e5got s\u00e4g g\u00e4rna till personalen vid best\u00e4llning !<\/em><\/strong><\/span><\/p>\n<h2><\/h2>\n<h2 style=\"text-align: center;\"><span style=\"color: #ff9900;\"><strong><u>F\u00f6rr\u00e4tter &#8211; Appetizers<\/u><\/strong><\/span><\/h2>\n<p style=\"text-align: center;\"><span style=\"color: #008000;\"><strong><em>Masala \u00e4r ett ord f\u00f6r olika typer av kryddor som anv\u00e4nds i det indiska k\u00f6ket<\/em><\/strong><\/span><\/p>\n<p style=\"text-align: center;\"><strong>Papadam 39:-<\/strong><\/p>\n<p style=\"text-align: center;\"><em>(Krispigt linsmj\u00f6lbr\u00f6d med mango chutney)<\/em><\/p>\n<p style=\"text-align: center;\"><strong>Samosa 59:-<\/strong><\/p>\n<p style=\"text-align: center;\"><em>(Gr\u00f6nsakspirog, serveras med s\u00e5s)<\/em><\/p>\n<p style=\"text-align: center;\"><strong>Chicken Pakora 79:-<\/strong><\/p>\n<p style=\"text-align: center;\"><em>(Friterad grillad kycklingfil\u00e9 med s\u00e5s)<\/em><\/p>\n<p style=\"text-align: center;\"><strong>Paneer Pakora \u00a079:-<\/strong><\/p>\n<p style=\"text-align: center;\"><em>(Friterad F\u00e4rsk ost med s\u00e5s)<\/em><\/p>\n<p style=\"text-align: center;\"><strong>R\u00e4kor Pakora 79:-<\/strong><\/p>\n<p style=\"text-align: center;\"><em>(Friterad Sm\u00e5 r\u00e4kor med s\u00e5s<strong>)<\/strong><\/em><\/p>\n<h2><\/h2>\n<h2 style=\"text-align: center;\"><span style=\"color: #ff9900;\"><strong>\u00a0<\/strong><strong><u>Barn Meny- Children\u00b4s Menu<\/u><\/strong><\/span><\/h2>\n<p style=\"text-align: center;\"><strong>Tandoori Chicken\u00a0 129:-<\/strong><\/p>\n<p style=\"text-align: center;\"><em>(1 stycken Marinerade kycklingl\u00e5r grillade i lerugn)<\/em><\/p>\n<p style=\"text-align: center;\"><strong>Chicken Tikka Butter Masala 129:-<\/strong><\/p>\n<p style=\"text-align: center;\"><em>(Marinerad &amp; grillad kycklingfil\u00e9 i lerugn, tillagad i tomat och cashewn\u00f6ts\u00e5s)<\/em><\/p>\n<p style=\"text-align: center;\"><strong>Chicken Korma 129:-<\/strong><\/p>\n<p style=\"text-align: center;\"><em>(Kyckling tillagad med yoghurt, russin, kokos och kryddor i cashewn\u00f6ts\u00e5s)<\/em><\/p>\n<p style=\"text-align: center;\"><strong>Chicken Tikka Sizlar 139:-<\/strong><\/p>\n<p style=\"text-align: center;\"><em>(Marinerade &amp; grillade kycklingfil\u00e9er, tillagad med specialkryddor och gr\u00f6nsaker )<\/em><\/p>\n<p style=\"text-align: center;\"><strong><em>\u00a0<\/em><\/strong><\/p>\n<h2 style=\"text-align: center;\"><span style=\"color: #ff9900;\"><strong><u>Huvudr\u00e4tter &#8211; Main Dishes<\/u><\/strong><\/span><\/h2>\n<p style=\"text-align: center;\"><span style=\"color: #008000;\"><strong><em>Tandoori \u00e4r indisk lerugn. Tandoori-grillade r\u00e4tter serverade i het gjutj\u00e4rnsform heter Sizlar<\/em><\/strong><\/span><\/p>\n<p style=\"text-align: center;\"><strong>Tandoori Chicken 169:-<\/strong><\/p>\n<p style=\"text-align: center;\"><em>(Tv\u00e5 marinerade kycklingl\u00e5r grillade i lerugn)<\/em><\/p>\n<p style=\"text-align: center;\"><strong>Tandoori Sizlar 179:-<\/strong><\/p>\n<p style=\"text-align: center;\"><em>(Marinerade &amp; grillade kycklingl\u00e5r tillagad med specialkryddor och gr\u00f6nsaker )<\/em><\/p>\n<p style=\"text-align: center;\"><strong>Chicken Tikka Sizlar 179:-<\/strong><\/p>\n<p style=\"text-align: center;\"><em>(Marinerade &amp; grillade kycklingfil\u00e9er, tillagad med specialkryddor och gr\u00f6nsaker )<\/em><\/p>\n<p style=\"text-align: center;\"><strong>Chili Chicken Tikka Sizlar 189:-<\/strong><\/p>\n<p style=\"text-align: center;\"><em>(Marinerade &amp; grillade kycklingfil\u00e9er, tillagad med specialkryddor, f\u00e4rsk gr\u00f6n chili och gr\u00f6nsaker )<\/em><\/p>\n<p style=\"text-align: center;\"><strong>Garlic Tikka Sizlar 179:-<\/strong><\/p>\n<p style=\"text-align: center;\"><em>(Vitl\u00f6ksmarinerade &amp; grillade kycklingfil\u00e9er i lerugn, tillagas med gr\u00f6nsaker )<\/em><\/p>\n<p style=\"text-align: center;\"><strong>Lamb Tikka Sizlar 239:-<\/strong><\/p>\n<p style=\"text-align: center;\"><em>(Marinerade &amp; grillade lamm, tillagad med gr\u00f6nsaker )<\/em><\/p>\n<p style=\"text-align: center;\"><strong>Mixed Sizlar 259:-<\/strong><\/p>\n<p style=\"text-align: center;\"><em>(Marinerade &amp; grillade lamm, kycklingfil\u00e9er &amp; kungsr\u00e4kor tillagad med gr\u00f6nsaker)<\/em><\/p>\n<p style=\"text-align: center;\"><strong>Kingprawn Sizlar 259:-<\/strong><\/p>\n<p style=\"text-align: center;\"><em>(Marinerade &amp; grillade kungsr\u00e4kor, tillagas med specialkryddor och gr\u00f6nsaker)<\/em><\/p>\n<p style=\"text-align: center;\"><strong>\u00a0<\/strong><\/p>\n<h2 style=\"text-align: center;\"><span style=\"color: #ff9900;\"><strong><u>Special R\u00e4tter &#8211; Special Dishes<\/u><\/strong><\/span><\/h2>\n<p style=\"text-align: center;\"><strong>Chicken Tikka Butter Masala 169:-<\/strong><\/p>\n<p style=\"text-align: center;\"><em>(Marinerad &amp; grillad kycklingfil\u00e9 i lerugn, tillagad i tomat och cashewn\u00f6ts\u00e5s)<\/em><\/p>\n<p style=\"text-align: center;\"><strong>Garlic Tikka Masala 169:-<\/strong><\/p>\n<p style=\"text-align: center;\"><em>(Vitl\u00f6ksmarinerade &amp; grillad kycklingfil\u00e9 i lerugn, tillagas i tomat och cashewn\u00f6ts\u00e5s)<\/em><\/p>\n<p style=\"text-align: center;\"><strong>Lime Tikka Masala \u00a0169:-<\/strong><\/p>\n<p style=\"text-align: center;\"><em>(Marinerade &amp; grillade kycklingfil\u00e9er tillagad med paprika,lime blad och l\u00f6k i mellanstark s\u00e5s)<\/em><\/p>\n<p style=\"text-align: center;\"><strong>Mango Tikka Masala \u00a0179:-<\/strong><\/p>\n<p style=\"text-align: center;\"><em>(Kycklingfil\u00e9 tillagad med mango i currys\u00e5s och cashewn\u00f6ts\u00e5s)<\/em><\/p>\n<p style=\"text-align: center;\"><strong>Lamb Tikka Masala 189:-<\/strong><\/p>\n<p style=\"text-align: center;\"><em>(Lamm tillagad i tomat och cashewn\u00f6ts\u00e5s)<\/em><\/p>\n<p style=\"text-align: center;\"><strong>Kingprawn Tikka Masala 199:-<\/strong><\/p>\n<p style=\"text-align: center;\"><em>(Kungsr\u00e4kor tillagad i tomat och cashewn\u00f6ts\u00e5s)<\/em><\/p>\n<p>&nbsp;<\/p>\n<h2 style=\"text-align: center;\"><span style=\"color: #ff9900;\"><strong><u>Thali Special R\u00e4tter<\/u><\/strong><\/span><\/h2>\n<p style=\"text-align: center;\"><span style=\"color: #008000;\"><strong><em>Thali \u00e4r ett speciellt utformat serveringsfat som inneh\u00e5ller olika r\u00e4tter<\/em><\/strong><\/span><\/p>\n<p style=\"text-align: center;\"><strong>Vegetarisk Thali (3 olika vegetariska r\u00e4tter) 239:-<\/strong><\/p>\n<p style=\"text-align: center;\"><em>( Paneer Butter Masala (Se nr. 69), Vegetable Karai (Se nr. 74) och Spenat Dal (Se nr. 72) Serveras med ris)<\/em><\/p>\n<p style=\"text-align: center;\"><strong>Mixed Thali 239:-<\/strong><\/p>\n<p style=\"text-align: center;\"><em>(Lamb balti (Se nr. 30), C.t.b.m (Se nr. 19) och Palak Panner (Se nr. 70) Serveras med ris)<\/em><\/p>\n<p style=\"text-align: center;\"><strong>Thali (3 sm\u00e5 r\u00e4tter) 239:-<\/strong><\/p>\n<p style=\"text-align: center;\"><em>( Lamb curry (Se nr. 55), G.T.M (Se nr. 20) och Spenat dal (Se nr. 72) Serveras med ris.<\/em><\/p>\n<h2 style=\"text-align: center;\"><span style=\"color: #ff9900;\"><strong><u>Balti R\u00e4tter &#8211; Balti Dishes<\/u><\/strong><\/span><\/h2>\n<p style=\"text-align: center;\"><span style=\"color: #008000;\"><strong><em>Baltis\u00e5s: tillagad med l\u00f6k, paprika, tomater, gr\u00e4dde och cashewn\u00f6ts\u00e5s<\/em><\/strong><\/span><\/p>\n<p style=\"text-align: center;\"><strong>Chicken Tikka Balti 179:-<\/strong><\/p>\n<p style=\"text-align: center;\"><em>(Grillade kycklingfil\u00e9er tillagad i baltis\u00e5s)<\/em><\/p>\n<p style=\"text-align: center;\"><strong>Garlic Tikka Balti 179:-<\/strong><\/p>\n<p style=\"text-align: center;\"><em>(Vitl\u00f6ksmarinerade och grillade kycklingfil\u00e9er tillagas i baltis\u00e5s)<\/em><\/p>\n<p style=\"text-align: center;\"><strong>Lamb Balti 189:-<\/strong><\/p>\n<p style=\"text-align: center;\"><em>(Lamm \u00a0tillagad i baltis\u00e5s)<\/em><\/p>\n<p style=\"text-align: center;\"><strong>Beef Balti 189:-<\/strong><\/p>\n<p style=\"text-align: center;\"><em>(Biff tillagad med paprika och l\u00f6k i baltis\u00e5s)<\/em><\/p>\n<p style=\"text-align: center;\"><strong>\u00a0<\/strong><\/p>\n<h2 style=\"text-align: center;\"><span style=\"color: #ff9900;\"><strong>\u00a0<u>Korma R\u00e4tter &#8211; Korma Dishes<\/u><\/strong><\/span><\/h2>\n<p style=\"text-align: center;\"><span style=\"color: #008000;\"><strong><em>J\u00e4ttemild, kr\u00e4mig gryta tillagad med kokos, russin och cashewn\u00f6tter i youghurtbaserad s\u00e5s.<\/em><\/strong><\/span><\/p>\n<p style=\"text-align: center;\"><strong>Chicken Korma \u00a0169:-<\/strong><\/p>\n<p style=\"text-align: center;\"><strong>Lamb Korma 189:-<\/strong><\/p>\n<p style=\"text-align: center;\"><strong>Beef Korma 189:-<\/strong><\/p>\n<p style=\"text-align: center;\"><strong>\u00a0<\/strong><strong>\u00a0 \u00a0 \u00a0<\/strong><\/p>\n<h2 style=\"text-align: center;\"><span style=\"color: #ff9900;\"><strong><u>Karai R\u00e4tter &#8211; Karai Dishes<\/u><\/strong><\/span><\/h2>\n<p style=\"text-align: center;\"><span style=\"color: #008000;\"><strong><em>(Tillagad med paprika, l\u00f6k &amp; ingef\u00e4ra i tomats\u00e5s)<\/em><\/strong><\/span><\/p>\n<p style=\"text-align: center;\"><strong>Chicken Karai 169:-<\/strong><\/p>\n<p style=\"text-align: center;\"><strong>Beef Karai 189:-<\/strong><\/p>\n<p style=\"text-align: center;\"><strong>Lamb Karai 189:-<\/strong><\/p>\n<h2><\/h2>\n<h2 style=\"text-align: center;\"><span style=\"color: #ff9900;\"><strong><u>Biriyani R\u00e4tter (Indisk Fest R\u00e4tter)<\/u><\/strong><\/span><\/h2>\n<p style=\"text-align: center;\"><span style=\"color: #008000;\"><strong><em>Basmatiris smaksatt med ghee och en intresant blandning av <\/em><\/strong><\/span><\/p>\n<p style=\"text-align: center;\"><span style=\"color: #008000;\"><strong><em>kryddor serveras med currys\u00e5s\/cashewn\u00f6ts\u00e5s<\/em><\/strong><\/span><\/p>\n<p style=\"text-align: center;\"><strong>Chicken Biryani 179:-<\/strong><\/p>\n<p style=\"text-align: center;\"><strong>Lamb Biryani \u00a0\u00a0\u00a0\u00a0\u00a0189:-<\/strong><\/p>\n<p style=\"text-align: center;\"><strong>Beef Biryani \u00a0189:-<\/strong><\/p>\n<p style=\"text-align: center;\"><strong>Vegetarisk Biryani \u00a0179:-<\/strong><\/p>\n<p style=\"text-align: center;\"><strong>\u00a0<\/strong><\/p>\n<h2 style=\"text-align: center;\"><span style=\"color: #ff9900;\"><strong>\u00a0 <u>Kyckling R\u00e4tter &#8211; Chicken Dishes<\/u><\/strong><\/span><\/h2>\n<p style=\"text-align: center;\"><strong>Chicken Curry \u00a0169:-<\/strong><\/p>\n<p style=\"text-align: center;\"><em>(Kycklingfil\u00e9 tillagad i mellanstark s\u00e5s med f\u00e4rsk koriander)<\/em><\/p>\n<p style=\"text-align: center;\"><strong>Chicken Gryta \u00a0169:-<\/strong><\/p>\n<p style=\"text-align: center;\"><em>(Kycklingfil\u00e9 tillagad med blandade gr\u00f6nsaker i mellanstark s\u00e5s)<\/em><\/p>\n<p style=\"text-align: center;\"><strong>Chicken Dal 169:-<\/strong><\/p>\n<p style=\"text-align: center;\"><em>(Kycklingfil\u00e9 tillagad med gula linser &amp; f\u00e4rsk koriander i currys\u00e5s)<\/em><\/p>\n<p style=\"text-align: center;\"><strong>Chicken Spenat 169:-<\/strong><\/p>\n<p style=\"text-align: center;\"><em>(Kycklingfil\u00e9 tillagad med spenat och friterad l\u00f6k i stark tomats\u00e5s)<\/em><\/p>\n<p style=\"text-align: center;\"><strong>Chicken Sambal 169:-<\/strong><\/p>\n<p style=\"text-align: center;\"><em>(Kycklingfil\u00e9 tillagad i stark sambals\u00e5s)<\/em><\/p>\n<p style=\"text-align: center;\"><strong>Chicken Kashmiri 169:-<\/strong><\/p>\n<p style=\"text-align: center;\"><em>(Kycklingfil\u00e9 tillagad med Nordindiska starka kryddor i s\u00e5s)<\/em><\/p>\n<p style=\"text-align: center;\"><strong>Chicken Madras 169:-<\/strong><\/p>\n<p style=\"text-align: center;\"><em>(Sydindisk kycklinggryta tillagad med starka kryddor &amp; kokos i s\u00e5s)<\/em><\/p>\n<p style=\"text-align: center;\"><strong>Chicken Vindaloo 179:-<\/strong><\/p>\n<p style=\"text-align: center;\"><em>(Kycklingfil\u00e9 tillagad i superstark Nordindisk s\u00e5s)<\/em><\/p>\n<h2 style=\"text-align: center;\"><span style=\"color: #ff9900;\"><strong><u>Biff R\u00e4tter &#8211; Beef Dishes<\/u><\/strong><\/span><\/h2>\n<p style=\"text-align: center;\"><strong>Beef Curry \u00a0189:-<\/strong><\/p>\n<p style=\"text-align: center;\"><em>(Biff tillagad i mellanstark s\u00e5s med f\u00e4rsk koriander)<\/em><\/p>\n<p style=\"text-align: center;\"><strong>Beef Sambal 189:-<\/strong><\/p>\n<p style=\"text-align: center;\"><em>(biff tillagad i stark sambals\u00e5s)<\/em><\/p>\n<p style=\"text-align: center;\"><strong>Beef Kashmiri \u00a0\u00a0\u00a0 \u00a0189:-<\/strong><\/p>\n<p style=\"text-align: center;\"><em>(Biff tillagad med Nordindiska starka kryddor i s\u00e5s)<\/em><\/p>\n<p style=\"text-align: center;\"><strong>Beef Madras 189:-<\/strong><\/p>\n<p style=\"text-align: center;\"><em>(Sydindisk biffgryta tillagad med starka kryddor &amp; kokos i s\u00e5s)<\/em><\/p>\n<p style=\"text-align: center;\"><strong>Beef Vindaloo \u00a0\u00a0\u00a0 \u00a0189:-<\/strong><\/p>\n<p style=\"text-align: center;\"><em>(Biff tillagad i superstark Nordindisk s\u00e5s)<\/em><\/p>\n<h2><\/h2>\n<h2 style=\"text-align: center;\"><span style=\"color: #ff9900;\"><strong><u>Lamm R\u00e4tter &#8211; Lamb Dishes<\/u><\/strong><\/span><\/h2>\n<p style=\"text-align: center;\"><strong>Lamb Curry 189:-<\/strong><\/p>\n<p style=\"text-align: center;\"><em>(Lamm tillagad i mellanstark s\u00e5s med f\u00e4rsk koriander<\/em><\/p>\n<p style=\"text-align: center;\"><strong>Lamb Dal \u00a0189:-<\/strong><\/p>\n<p style=\"text-align: center;\"><em>(Lamm tillagad med gula linser och f\u00e4rsk koriander i currys\u00e5s)<\/em><\/p>\n<p style=\"text-align: center;\"><strong>Lamb Spenat \u00a0189:-<\/strong><\/p>\n<p style=\"text-align: center;\"><em>(Lamm tillagad med friterad l\u00f6k i stark tomats\u00e5s)<\/em><\/p>\n<p style=\"text-align: center;\"><strong>Lamb Sambal \u00a0189:-<\/strong><\/p>\n<p style=\"text-align: center;\"><em>(Lamm tillagad i stark sambals\u00e5s)<\/em><\/p>\n<p style=\"text-align: center;\"><strong>Lamb Kashmiri \u00a0\u00a0\u00a0 \u00a0189:-<\/strong><\/p>\n<p style=\"text-align: center;\"><em>(Lamm tillagad med Nordindiska starka kryddor i s\u00e5s)<\/em><\/p>\n<p style=\"text-align: center;\"><strong>Lamb Madras 189:-<\/strong><\/p>\n<p style=\"text-align: center;\"><em>(Sydindisk lammgryta tillagad med kokos och kryddor i s\u00e5s)<\/em><\/p>\n<p style=\"text-align: center;\"><strong>Lamb Vindaloo 189:-<\/strong><\/p>\n<p style=\"text-align: center;\"><em>(Lamm tillagad i superstark Nordindisk s\u00e5s)<\/em><\/p>\n<p style=\"text-align: center;\"><strong>\u00a0<\/strong><\/p>\n<h2 style=\"text-align: center;\"><span style=\"color: #ff9900;\"><strong><u>Fisk R\u00e4tter &#8211; Fish Dishes<\/u><\/strong><\/span><\/h2>\n<p style=\"text-align: center;\"><strong>Shrimp Curry 189:-<\/strong><\/p>\n<p style=\"text-align: center;\"><em>(Sm\u00e5 r\u00e4kor tillagas i mellanstark s\u00e5s med f\u00e4rsk koriander)<\/em><\/p>\n<p style=\"text-align: center;\"><strong>Shrimp Spenat 189:-<\/strong><\/p>\n<p style=\"text-align: center;\"><em>(Sm\u00e5 r\u00e4kor och spenat tillagas med tomat i currys\u00e5s)<\/em><\/p>\n<p style=\"text-align: center;\"><strong>Kingprawn Madras \u00a0199:-<\/strong><\/p>\n<p style=\"text-align: center;\"><em>(Kungsr\u00e4kor tillagas med kokos och starka kryddor i s\u00e5s)<\/em><\/p>\n<p style=\"text-align: center;\"><strong>Kingprawn Palak \u00a0199:-<\/strong><\/p>\n<p style=\"text-align: center;\"><em>(Kungsr\u00e4kor tillagas med spenat i baltis\u00e5s)<\/em><\/p>\n<p style=\"text-align: center;\"><strong>Shrimp Karai \u00a0189:-<\/strong><\/p>\n<p style=\"text-align: center;\"><em>(Sm\u00e5 r\u00e4kor tillagas med paprika,syltl\u00f6k &amp; ingef\u00e4ra i tomats\u00e5s)<\/em><\/p>\n<p style=\"text-align: center;\"><strong>Kingprawn Korma \u00a0199:-<\/strong><\/p>\n<p style=\"text-align: center;\"><em>(Kungsr\u00e4kor tillagas med yoghurt, russin, kokos och kryddor i cashewn\u00f6ts\u00e5s)<\/em><\/p>\n<h2><\/h2>\n<h2 style=\"text-align: center;\"><span style=\"color: #ff9900;\"><strong><u>Vegetariska R\u00e4tter &#8211; Vegetable Dishes<\/u><\/strong><\/span><\/h2>\n<p style=\"text-align: center;\"><strong>Vegetable Masala 169:-<\/strong><\/p>\n<p style=\"text-align: center;\"><em>(Blandade f\u00e4rska gr\u00f6nsaker tillagas i mellanstark s\u00e5s)<\/em><\/p>\n<p style=\"text-align: center;\"><strong>Paneer Butter Masala 179:-<\/strong><\/p>\n<p style=\"text-align: center;\"><em>(F\u00e4rsk ost tillagas i gr\u00e4ddig tomats\u00e5s och cashewn\u00f6ts\u00e5s)<\/em><\/p>\n<p style=\"text-align: center;\"><strong>Palak Paneer 179:-<\/strong><\/p>\n<p style=\"text-align: center;\"><em>(F\u00e4rsk ost och blad spenat tillagas i tomats\u00e5s)<\/em><\/p>\n<p style=\"text-align: center;\"><strong>Daal Makhoni \u00a0169:-<\/strong><\/p>\n<p style=\"text-align: center;\"><em>(Blandade linser i tomat och cashewn\u00f6ts\u00e5s)<\/em><\/p>\n<p style=\"text-align: center;\"><strong>Spenat Dal \u00a0169:-<\/strong><\/p>\n<p style=\"text-align: center;\"><em>(Hackad spenat med linser och tomat i currys\u00e5s)<\/em><\/p>\n<p style=\"text-align: center;\"><strong>Vegetable Korma 169:-<\/strong><\/p>\n<p style=\"text-align: center;\"><em>(Blandade gr\u00f6nsakar tillagas med yoghurt, russin, kokos och kryddor i cashewn\u00f6ts\u00e5s)<\/em><\/p>\n<p style=\"text-align: center;\"><strong>74.Vegetable Karai\u00a0 \u00a0169:-<\/strong><\/p>\n<p style=\"text-align: center;\"><em>(Blandade gr\u00f6nsakar tillagas med ingef\u00e4ra i tomats\u00e5s)<\/em><\/p>\n<p style=\"text-align: center;\"><strong>75.Vegetable Balti\u00a0 169:-<\/strong><\/p>\n<p style=\"text-align: center;\"><em>(blandade gr\u00f6nsaker \u00a0som serveras i baltis\u00e5s och cashewn\u00f6ts\u00e5s)<\/em><\/p>\n<p style=\"text-align: center;\"><strong>75. Paneer Karai 189:-<\/strong><br \/>\n<em>(Paneer tillagas med ingef\u00e4ra i tomats\u00e5s)<\/em><\/p>\n<p style=\"text-align: center;\"><strong>75.Paneer Balti 189:-<\/strong><br \/>\n<em>(Paneer som serveras i baltis\u00e5s och cashewn\u00f6ts\u00e5s)<\/em><\/p>\n<p style=\"text-align: center;\"><strong>75.Paneer Korma 189:-<\/strong><br \/>\n<em>(Paneer tillagas med yoghurt, kokos och kryddor i cashewn\u00f6ts\u00e5s)<\/em><\/p>\n<h2 style=\"text-align: center;\"><span style=\"color: #ff9900;\"><strong><u>Indisk Br\u00f6d &#8211; Indian Bread<\/u><\/strong><\/span><\/h2>\n<p style=\"text-align: center;\"><span style=\"color: #008000;\"><strong><em>br\u00f6d bakat i lerugn kallas naan<\/em><\/strong><\/span><\/p>\n<p style=\"text-align: center;\"><strong>Plain Naan \u00a029:-<\/strong><\/p>\n<p style=\"text-align: center;\"><em>(br\u00f6d bakat i lerugn)<\/em><\/p>\n<p style=\"text-align: center;\"><strong>Garlic Naan 35:-<\/strong><\/p>\n<p style=\"text-align: center;\"><em>(vitl\u00f6ksbr\u00f6d bakat i lerugn)<\/em><\/p>\n<p style=\"text-align: center;\"><strong>Masala Naan 45:-<\/strong><\/p>\n<p style=\"text-align: center;\"><em>(specialkryddat br\u00f6d bakat i lerugn)<\/em><\/p>\n<p style=\"text-align: center;\"><strong>Pashwari Naan \u00a055:-<\/strong><\/p>\n<p style=\"text-align: center;\"><em>(kokos,russin,cashewn\u00f6ter och socker inbakat br\u00f6d i lerugn)<\/em><\/p>\n<p style=\"text-align: center;\"><strong>\u00a0<\/strong><\/p>\n<h2 style=\"text-align: center;\"><span style=\"color: #ff9900;\"><strong><u>Extra Tillbeh\u00f6r<\/u><\/strong><\/span><\/h2>\n<p style=\"text-align: center;\"><strong>EXTRA RIS 30:-<\/strong><\/p>\n<p style=\"text-align: center;\"><strong>RAITA (Indisk tzatziki) \u00a033:-<\/strong><\/p>\n<p style=\"text-align: center;\"><em>(gurka, paprika blandat med yoghurt &amp; speciellaIndiska kryddor)<\/em><\/p>\n<p style=\"text-align: center;\"><strong>PICKLES <em>(<\/em><em>mixed pickles)<\/em> 33:-<\/strong><\/p>\n<p style=\"text-align: center;\"><strong>MANGO CHUTNEY 33:-<\/strong><\/p>\n<p>&nbsp;<\/p>\n<h2 style=\"text-align: center;\"><span style=\"color: #ff9900;\"><strong><u>Efterr\u00e4tter &#8211; Dessert<\/u><\/strong><\/span><\/h2>\n<p style=\"text-align: center;\"><strong>Glass med hemlagad kolas\u00e5s <em>(Vaniljglass)<\/em><em>\u00a0 5<\/em>9:-<\/strong><\/p>\n<p style=\"text-align: center;\"><strong>LASSI <em>(<\/em><em>Mango och yoghurt shake)<\/em> <em>\u00a0 \u00a0 \u00a0 5<\/em>9:-<\/strong><\/p>\n<p>&nbsp;<\/p>\n<h2 style=\"text-align: center;\"><span style=\"color: #ff9900;\"><strong><u>Drycker<\/u><\/strong><\/span><\/h2>\n<p style=\"text-align: center;\"><strong>L\u00e4sk <em>(Cola, Fanta, Sprite, Zingo)<\/em>\u00a0 33:-<\/strong><\/p>\n<p style=\"text-align: center;\"><strong>Mineralvatten <em>(Loka Naturell, Citrun)<\/em>\u00a033:-<\/strong><\/p>\n<p style=\"text-align: center;\"><strong>Juice <em>(<\/em><em>Mer- p\u00e4ron, Apelsin)<\/em>\u00a0 23:-<\/strong><\/p>\n<p style=\"text-align: center;\"><strong>Red Bull \/ Red Bull suger free\u00a0 \u00a039:-<\/strong><\/p>\n<p style=\"text-align: center;\"><strong>Indisk te\u00a0 45:-<\/strong><\/p>\n<p style=\"text-align: center;\"><strong>Kaffe\u00a0 35:-<\/strong><\/p>\n","protected":false},"excerpt":{"rendered":"<p>OBS! Sista best\u00e4llning 20:30 OBS ! Om du \u00e4r allergisk mot n\u00e5got s\u00e4g g\u00e4rna till personalen vid best\u00e4llning ! F\u00f6rr\u00e4tter &#8211; Appetizers Masala \u00e4r ett ord f\u00f6r olika typer av&#8230;<\/p>\n","protected":false},"author":1,"featured_media":2533,"parent":0,"menu_order":0,"comment_status":"closed","ping_status":"closed","template":"","meta":{"footnotes":""},"class_list":["post-2434","page","type-page","status-publish","has-post-thumbnail","hentry"],"_links":{"self":[{"href":"https:\/\/newasiangarden.se\/index.php?rest_route=\/wp\/v2\/pages\/2434","targetHints":{"allow":["GET"]}}],"collection":[{"href":"https:\/\/newasiangarden.se\/index.php?rest_route=\/wp\/v2\/pages"}],"about":[{"href":"https:\/\/newasiangarden.se\/index.php?rest_route=\/wp\/v2\/types\/page"}],"author":[{"embeddable":true,"href":"https:\/\/newasiangarden.se\/index.php?rest_route=\/wp\/v2\/users\/1"}],"replies":[{"embeddable":true,"href":"https:\/\/newasiangarden.se\/index.php?rest_route=%2Fwp%2Fv2%2Fcomments&post=2434"}],"version-history":[{"count":39,"href":"https:\/\/newasiangarden.se\/index.php?rest_route=\/wp\/v2\/pages\/2434\/revisions"}],"predecessor-version":[{"id":3040,"href":"https:\/\/newasiangarden.se\/index.php?rest_route=\/wp\/v2\/pages\/2434\/revisions\/3040"}],"wp:featuredmedia":[{"embeddable":true,"href":"https:\/\/newasiangarden.se\/index.php?rest_route=\/wp\/v2\/media\/2533"}],"wp:attachment":[{"href":"https:\/\/newasiangarden.se\/index.php?rest_route=%2Fwp%2Fv2%2Fmedia&parent=2434"}],"curies":[{"name":"wp","href":"https:\/\/api.w.org\/{rel}","templated":true}]}}