{"id":2457,"date":"2018-02-08T22:50:14","date_gmt":"2018-02-08T22:50:14","guid":{"rendered":"https:\/\/newasiangarden.se\/?page_id=2457"},"modified":"2026-04-30T13:10:02","modified_gmt":"2026-04-30T13:10:02","slug":"take-away","status":"publish","type":"page","link":"https:\/\/newasiangarden.se\/?page_id=2457","title":{"rendered":"Take Away"},"content":{"rendered":"<h3 style=\"text-align: center;\"><span style=\"color: #ff0000;\"><strong>OBS! Sista best\u00e4llning 20:30<\/strong><\/span><\/h3>\n<h4 style=\"text-align: center;\"><span style=\"color: #000000;\"><strong><em>OBS ! Om du \u00e4r allergisk mot n\u00e5got s\u00e4g g\u00e4rna till personalen vid best\u00e4llning !<\/em><\/strong><\/span><\/h4>\n<h2 style=\"text-align: center;\"><span style=\"color: #ff9900;\"><strong><u>F\u00f6rr\u00e4tter &#8211; Appetizers<\/u><\/strong><\/span><\/h2>\n<h4 style=\"text-align: center;\"><span style=\"color: #008000;\"><strong><em>Masala \u00e4r ett ord f\u00f6r olika typer av kryddor som anv\u00e4nds i det indiska k\u00f6ket<\/em><\/strong><\/span><\/h4>\n<ol style=\"text-align: center;\">\n<li><strong>Papadam 39:-<\/strong><\/li>\n<\/ol>\n<p style=\"text-align: center;\"><em>(Krispigt linsmj\u00f6lbr\u00f6d med mango chutney)<\/em><\/p>\n<ol style=\"text-align: center;\" start=\"2\">\n<li><strong>Samosa 49:-<\/strong><\/li>\n<\/ol>\n<p style=\"text-align: center;\"><em>(Gr\u00f6nsakspirog, serveras med s\u00e5s)<\/em><\/p>\n<ol style=\"text-align: center;\" start=\"4\">\n<li><strong>Chicken Pakora 79:<\/strong><\/li>\n<\/ol>\n<p style=\"text-align: center;\"><em>(Friterad grillad kycklingfil\u00e9 med s\u00e5s)<\/em><\/p>\n<ol style=\"text-align: center;\" start=\"5\">\n<li><strong>Paneer Pakora\u00a0 79:-<\/strong><\/li>\n<\/ol>\n<p style=\"text-align: center;\"><em>(Friterad F\u00e4rsk ost med s\u00e5s)<\/em><\/p>\n<ol style=\"text-align: center;\" start=\"6\">\n<li><strong>R\u00e4kor Pakora 79:-<\/strong><\/li>\n<\/ol>\n<p style=\"text-align: center;\"><em>(Friterad Sm\u00e5 r\u00e4kor med s\u00e5s<strong>)<\/strong><\/em><\/p>\n<h2 style=\"text-align: center;\"><span style=\"color: #ff9900;\"><strong>\u00a0<\/strong><strong><u>Barn Meny- Children\u00b4s Menu ( Ris ing\u00e5r tii alla r\u00e4tter)<\/u><\/strong><\/span><\/h2>\n<ol style=\"text-align: center;\" start=\"7\">\n<li><strong>Tandoori Chicken\u00a0 129:-<\/strong><\/li>\n<\/ol>\n<p style=\"text-align: center;\"><em>(1 stycken Marinerade kycklingl\u00e5r grillade i lerugn)<\/em><\/p>\n<ol style=\"text-align: center;\" start=\"8\">\n<li><strong>Chicken Tikka Butter Masala 119:-<\/strong><\/li>\n<\/ol>\n<p style=\"text-align: center;\"><em>(Marinerad &amp; grillad kycklingfil\u00e9 i lerugn, tillagad i tomat och cashewn\u00f6ts\u00e5s)<\/em><\/p>\n<ol style=\"text-align: center;\" start=\"9\">\n<li><strong>Chicken Korma 119:-<\/strong><\/li>\n<\/ol>\n<p style=\"text-align: center;\"><em>(Kyckling tillagad med yoghurt, russin, kokos och kryddor i cashewn\u00f6ts\u00e5s)<\/em><\/p>\n<ol style=\"text-align: center;\" start=\"10\">\n<li><strong>Chicken Tikka Sizlar 129:-<\/strong><\/li>\n<\/ol>\n<p style=\"text-align: center;\"><em>(Marinerade &amp; grillade kycklingfil\u00e9er, tillagad <a style=\"border: none; color: #333333; font-weight: normal !important; text-decoration: none;\" href=\"http:\/\/www.cali-menteur.com\/24-hour-bail-bonds-who-issue-bail-bonds\/\">med <\/a>specialkryddor och gr\u00f6nsaker )<\/em><\/p>\n<p style=\"text-align: center;\"><strong><em>\u00a0<\/em><\/strong><\/p>\n<h2 style=\"text-align: center;\"><span style=\"color: #ff9900;\"><strong><u>Huvudr\u00e4tter &#8211; Main Dishes<\/u><\/strong><\/span><\/h2>\n<h2 style=\"text-align: center;\"><span style=\"color: #ff9900;\"><strong><u>( Ris ing\u00e5r tii alla r\u00e4tter)<\/u><\/strong><\/span><\/h2>\n<h4 style=\"text-align: center;\"><span style=\"color: #008000;\"><strong><em>Tandoori \u00e4r indisk lerugn. Tandoori-grillade r\u00e4tter serverade i het gjutj\u00e4rnsform heter Sizlar<\/em><\/strong><\/span><\/h4>\n<ol style=\"text-align: center;\" start=\"11\">\n<li><strong>Tandoori Chicken 159:-<\/strong><\/li>\n<\/ol>\n<p style=\"text-align: center;\"><em>(Tv\u00e5 marinerade kycklingl\u00e5r grillade i lerugn)<\/em><\/p>\n<ol style=\"text-align: center;\" start=\"12\">\n<li><strong>Tandoori Sizlar 169:-<\/strong><\/li>\n<\/ol>\n<p style=\"text-align: center;\"><em>(Marinerade &amp; grillade kycklingl\u00e5r tillagad med specialkryddor och gr\u00f6nsaker )<\/em><\/p>\n<ol style=\"text-align: center;\" start=\"13\">\n<li><strong>Chicken Tikka Sizlar 169:-<\/strong><\/li>\n<\/ol>\n<p style=\"text-align: center;\"><em>(Marinerade &amp; grillade kycklingfil\u00e9er, tillagad med specialkryddor och gr\u00f6nsaker )<\/em><\/p>\n<ol style=\"text-align: center;\" start=\"14\">\n<li><strong>Chili Chicken Tikka Sizlar 179:-<\/strong><\/li>\n<\/ol>\n<p style=\"text-align: center;\"><em>(Marinerade &amp; grillade kycklingfil\u00e9er, tillagad med specialkryddor, f\u00e4rsk gr\u00f6n chili och gr\u00f6nsaker )<\/em><\/p>\n<ol style=\"text-align: center;\" start=\"15\">\n<li><strong>Garlic Tikka Sizlar 169:-<\/strong><\/li>\n<\/ol>\n<p style=\"text-align: center;\"><em>(Vitl\u00f6ksmarinerade &amp; grillade kycklingfil\u00e9er i lerugn, tillagas med gr\u00f6nsaker )<\/em><\/p>\n<ol style=\"text-align: center;\" start=\"16\">\n<li><strong>Lamb Tikka Sizlar 219:-<\/strong><\/li>\n<\/ol>\n<p style=\"text-align: center;\"><em>(Marinerade &amp; grillade lamm, tillagad med gr\u00f6nsaker )<\/em><\/p>\n<ol style=\"text-align: center;\" start=\"17\">\n<li><strong>Mixed Sizlar 239:-<\/strong><\/li>\n<\/ol>\n<p style=\"text-align: center;\"><em>(Marinerade &amp; grillade lamm, kycklingfil\u00e9er &amp; kungsr\u00e4kor tillagad med gr\u00f6nsaker)<\/em><\/p>\n<ol style=\"text-align: center;\" start=\"18\">\n<li><strong>Kingprawn Sizlar 239:-<\/strong><\/li>\n<\/ol>\n<p style=\"text-align: center;\"><em>(Marinerade &amp; grillade kungsr\u00e4kor, tillagas med specialkryddor och gr\u00f6nsaker)<\/em><\/p>\n<p style=\"text-align: center;\"><strong>\u00a0<\/strong><\/p>\n<h2 style=\"text-align: center;\"><span style=\"color: #ff9900;\"><strong><u>Special R\u00e4tter &#8211; Special Dishes<\/u><\/strong><\/span><\/h2>\n<h2 style=\"text-align: center;\"><span style=\"color: #ff9900;\"><strong><u>( Ris ing\u00e5r tii alla r\u00e4tter)<\/u><\/strong><\/span><\/h2>\n<ol style=\"text-align: center;\" start=\"19\">\n<li><strong>Chicken Tikka Butter Masala 159:-<\/strong><\/li>\n<\/ol>\n<p style=\"text-align: center;\"><em>(Marinerad &amp; grillad kycklingfil\u00e9 i lerugn, tillagad i tomat och cashewn\u00f6ts\u00e5s)<\/em><\/p>\n<ol style=\"text-align: center;\" start=\"20\">\n<li><strong>Garlic Tikka Masala 169:-<\/strong><\/li>\n<\/ol>\n<p style=\"text-align: center;\"><em>(Vitl\u00f6ksmarinerade &amp; grillad kycklingfil\u00e9 i lerugn, tillagas i tomat och cashewn\u00f6ts\u00e5s)<\/em><\/p>\n<ol style=\"text-align: center;\" start=\"21\">\n<li><strong>Lime Tikka Masala \u00a0169:-<\/strong><\/li>\n<\/ol>\n<p style=\"text-align: center;\"><em>(Marinerade &amp; grillade kycklingfil\u00e9er tillagad med paprika,lime blad och l\u00f6k i mellanstark s\u00e5s)<\/em><\/p>\n<ol style=\"text-align: center;\" start=\"22\">\n<li><strong>Mango Tikka Masala \u00a0169:-<\/strong><\/li>\n<\/ol>\n<p style=\"text-align: center;\"><em>(Kycklingfil\u00e9 tillagad med mango i currys\u00e5s och cashewn\u00f6ts\u00e5s)<\/em><\/p>\n<ol style=\"text-align: center;\" start=\"23\">\n<li><strong>Lamb Tikka Masala 179:-<\/strong><\/li>\n<\/ol>\n<p style=\"text-align: center;\"><em>(Lamm tillagad i tomat och cashewn\u00f6ts\u00e5s)<\/em><\/p>\n<ol style=\"text-align: center;\" start=\"24\">\n<li><strong>Kingprawn Tikka Masala 199:-<\/strong><\/li>\n<\/ol>\n<p style=\"text-align: center;\"><em>(Kungsr\u00e4kor tillagad i tomat och cashewn\u00f6ts\u00e5s)<\/em><\/p>\n<h2>\u00a0<\/h2>\n<h2 style=\"text-align: center;\"><span style=\"color: #ff9900;\"><strong><u>Thali Special R\u00e4tter<\/u><\/strong><\/span><\/h2>\n<h2 style=\"text-align: center;\"><span style=\"color: #ff9900;\"><strong><u>( Ris ing\u00e5r tii alla r\u00e4tter)<\/u><\/strong><\/span><\/h2>\n<h4 style=\"text-align: center;\"><span style=\"color: #008000;\"><strong><em>Thali \u00e4r ett speciellt utformat serveringsfat som inneh\u00e5ller olika r\u00e4tter<\/em><\/strong><\/span><\/h4>\n<ol style=\"text-align: center;\" start=\"25\">\n<li><strong>Vegetarisk Thali (3 olika vegetariska r\u00e4tter) 239:-<\/strong><\/li>\n<\/ol>\n<p style=\"text-align: center;\"><em>( Paneer Butter Masala (Se nr. 69), Vegetable Karai (Se nr. 74) och Spenat Dal (Se nr. 72) Serveras med ris)<\/em><\/p>\n<ol style=\"text-align: center;\" start=\"26\">\n<li><strong>Mixed Thali 239:-<\/strong><\/li>\n<\/ol>\n<p style=\"text-align: center;\"><em>(Lamb balti (Se nr. 30), C.t.b.m (Se nr. 19) och Palak Panner (Se nr. 70) Serveras med ris)<\/em><\/p>\n<ol style=\"text-align: center;\" start=\"27\">\n<li><strong>Thali\u00a0 239:-<\/strong><\/li>\n<\/ol>\n<p style=\"text-align: center;\"><em>( Lamb curry (Se nr. 55), G.T.M (Se nr. 20) och Spenat dal (Se nr. 72) Serveras med ris.<\/em><\/p>\n<h2>\u00a0<\/h2>\n<h2 style=\"text-align: center;\"><span style=\"color: #ff9900;\"><strong><u>Balti R\u00e4tter &#8211; Balti Dishes<\/u><\/strong><\/span><\/h2>\n<h2 style=\"text-align: center;\"><span style=\"color: #ff9900;\"><strong><u>( Ris ing\u00e5r tii alla r\u00e4tter)<\/u><\/strong><\/span><\/h2>\n<h4 style=\"text-align: center;\"><span style=\"color: #008000;\"><strong><em>Baltis\u00e5s: tillagad med l\u00f6k, paprika, tomater, gr\u00e4dde och cashewn\u00f6ts\u00e5s<\/em><\/strong><\/span><\/h4>\n<ol style=\"text-align: center;\" start=\"28\">\n<li><strong>Chicken Tikka Balti 169:-<\/strong><\/li>\n<\/ol>\n<p style=\"text-align: center;\"><em>(Grillade kycklingfil\u00e9er tillagad i baltis\u00e5s)<\/em><\/p>\n<ol style=\"text-align: center;\" start=\"29\">\n<li><strong>Garlic Tikka Balti 169:-<\/strong><\/li>\n<\/ol>\n<p style=\"text-align: center;\"><em>(Vitl\u00f6ksmarinerade och grillade kycklingfil\u00e9er tillagas i baltis\u00e5s)<\/em><\/p>\n<ol style=\"text-align: center;\" start=\"30\">\n<li><strong>Lamb Balti 179:-<\/strong><\/li>\n<\/ol>\n<p style=\"text-align: center;\"><em>(Lamm \u00a0tillagad i baltis\u00e5s)<\/em><\/p>\n<ol style=\"text-align: center;\" start=\"31\">\n<li><strong>Beef Balti 179:-<\/strong><\/li>\n<\/ol>\n<p style=\"text-align: center;\"><em>(Biff tillagad med paprika och l\u00f6k i baltis\u00e5s)<\/em><\/p>\n<p style=\"text-align: center;\"><strong>\u00a0<\/strong><\/p>\n<h2 style=\"text-align: center;\"><span style=\"color: #ff9900;\"><strong>\u00a0<u>Korma R\u00e4tter &#8211; Korma Dishes<\/u><\/strong><\/span><\/h2>\n<h2 style=\"text-align: center;\"><span style=\"color: #ff9900;\"><strong><u>( Ris ing\u00e5r tii alla r\u00e4tter)<\/u><\/strong><\/span><\/h2>\n<h4 style=\"text-align: center;\"><span style=\"color: #008000;\"><strong><em>J\u00e4ttemild, kr\u00e4mig gryta tillagad med kokos, russin och cashewn\u00f6tter i youghurtbaserad s\u00e5s.<\/em><\/strong><\/span><\/h4>\n<ol style=\"text-align: center;\" start=\"32\">\n<li><strong>Chicken Korma \u00a0159:-<\/strong><\/li>\n<\/ol>\n<ol style=\"text-align: center;\" start=\"33\">\n<li><strong>Lamb Korma 179:-<\/strong><\/li>\n<\/ol>\n<ol style=\"text-align: center;\" start=\"34\">\n<li><strong>Beef Korma 179:-<\/strong><\/li>\n<\/ol>\n<p style=\"text-align: center;\"><strong>\u00a0<\/strong><strong>\u00a0 \u00a0 \u00a0<\/strong><\/p>\n<h2 style=\"text-align: center;\"><span style=\"color: #ff9900;\"><strong><u>Karai R\u00e4tter &#8211; Karai Dishes<\/u><\/strong><\/span><\/h2>\n<h2 style=\"text-align: center;\"><span style=\"color: #ff9900;\"><strong><u>( Ris ing\u00e5r tii alla r\u00e4tter)<\/u><\/strong><\/span><\/h2>\n<h4 style=\"text-align: center;\"><span style=\"color: #008000;\"><strong><em>(Tillagad med paprika, l\u00f6k, &amp; ingef\u00e4ra i tomats\u00e5s)<\/em><\/strong><\/span><\/h4>\n<ol style=\"text-align: center;\" start=\"35\">\n<li><strong>Chicken Karai 169:-<\/strong><\/li>\n<li><strong>Beef Karai 179:-<\/strong><\/li>\n<li><strong>Lamb Karai 179:-<\/strong><\/li>\n<\/ol>\n<h2 style=\"text-align: center;\"><span style=\"color: #ff9900;\"><strong><u>Biriyani R\u00e4tter (Indisk Fest R\u00e4tter)<\/u><\/strong><\/span><\/h2>\n<h2 style=\"text-align: center;\"><span style=\"color: #ff9900;\"><strong><u>( Ris ing\u00e5r tii alla r\u00e4tter)<\/u><\/strong><\/span><\/h2>\n<h4 style=\"text-align: center;\"><span style=\"color: #008000;\"><strong><em>Basmatiris smaksatt med ghee och en intresant blandning av <\/em><\/strong><\/span><\/h4>\n<h4 style=\"text-align: center;\"><span style=\"color: #008000;\"><strong><em>kryddor serveras med currys\u00e5s\/cashewn\u00f6ts\u00e5s<\/em><\/strong><\/span><\/h4>\n<ol style=\"text-align: center;\" start=\"38\">\n<li><strong>Chicken Biryani 179:-<\/strong><\/li>\n<\/ol>\n<ol style=\"text-align: center;\" start=\"39\">\n<li><strong>Lamb Biryani \u00a0\u00a0\u00a0\u00a0\u00a0189:-<\/strong><\/li>\n<\/ol>\n<ol style=\"text-align: center;\" start=\"40\">\n<li><strong>Beef Biryani \u00a0189:-<\/strong><\/li>\n<\/ol>\n<ol style=\"text-align: center;\" start=\"41\">\n<li><strong>Vegetarisk Biryani \u00a0179:-<\/strong><\/li>\n<\/ol>\n<p style=\"text-align: center;\"><strong>\u00a0<\/strong><\/p>\n<h2 style=\"text-align: center;\"><span style=\"color: #ff9900;\"><strong>\u00a0 <u>Kyckling R\u00e4tter &#8211; Chicken Dishes<\/u><\/strong><\/span><\/h2>\n<h2 style=\"text-align: center;\"><span style=\"color: #ff9900;\"><strong><u>( Ris ing\u00e5r tii alla r\u00e4tter)<\/u><\/strong><\/span><\/h2>\n<ol style=\"text-align: center;\" start=\"42\">\n<li><strong>Chicken Curry \u00a0169:-<\/strong><\/li>\n<\/ol>\n<p style=\"text-align: center;\"><em>(Kycklingfil\u00e9 tillagad i mellanstark s\u00e5s med f\u00e4rsk koriander)<\/em><\/p>\n<ol style=\"text-align: center;\" start=\"43\">\n<li><strong>Chicken Gryta \u00a0169:-<\/strong><\/li>\n<\/ol>\n<p style=\"text-align: center;\"><em>(Kycklingfil\u00e9 tillagad med blandade gr\u00f6nsaker i mellanstark s\u00e5s)<\/em><\/p>\n<ol style=\"text-align: center;\" start=\"44\">\n<li><strong>Chicken Dal 169:-<\/strong><\/li>\n<\/ol>\n<p style=\"text-align: center;\"><em>(Kycklingfil\u00e9 tillagad med gula linser &amp; f\u00e4rsk koriander i currys\u00e5s)<\/em><\/p>\n<ol style=\"text-align: center;\" start=\"45\">\n<li><strong>Chicken Spenat 169:-<\/strong><\/li>\n<\/ol>\n<p style=\"text-align: center;\"><em>(Kycklingfil\u00e9 tillagad med spenat och friterad l\u00f6k i stark tomats\u00e5s)<\/em><\/p>\n<ol style=\"text-align: center;\" start=\"46\">\n<li><strong>Chicken Sambal 169:-<\/strong><\/li>\n<\/ol>\n<p style=\"text-align: center;\"><em>(Kycklingfil\u00e9 tillagad i stark sambals\u00e5s)<\/em><\/p>\n<ol style=\"text-align: center;\" start=\"47\">\n<li><strong>Chicken Kashmiri 169:-<\/strong><\/li>\n<\/ol>\n<p style=\"text-align: center;\"><em>(Kycklingfil\u00e9 tillagad med Nordindiska starka kryddor i s\u00e5s)<\/em><\/p>\n<ol style=\"text-align: center;\" start=\"48\">\n<li><strong>Chicken Madras 169:-<\/strong><\/li>\n<\/ol>\n<p style=\"text-align: center;\"><em>(Sydindisk kycklinggryta tillagad med starka kryddor &amp; kokos i s\u00e5s)<\/em><\/p>\n<ol style=\"text-align: center;\" start=\"49\">\n<li><strong>Chicken Vindaloo 169:-<\/strong><\/li>\n<\/ol>\n<p style=\"text-align: center;\"><em>(Kycklingfil\u00e9 tillagad i superstark Nordindisk s\u00e5s)<\/em><\/p>\n<h2>\u00a0<\/h2>\n<h2 style=\"text-align: center;\"><span style=\"color: #ff9900;\"><strong><u>Biff R\u00e4tter &#8211; Beef Dishes<\/u><\/strong><\/span><\/h2>\n<h2 style=\"text-align: center;\"><span style=\"color: #ff9900;\"><strong><u>( Ris ing\u00e5r tii alla r\u00e4tter)<\/u><\/strong><\/span><\/h2>\n<ol style=\"text-align: center;\" start=\"50\">\n<li><strong>Beef Curry \u00a0179:-<\/strong><\/li>\n<\/ol>\n<p style=\"text-align: center;\"><em>(Biff tillagad i mellanstark s\u00e5s med f\u00e4rsk koriander)<\/em><\/p>\n<ol style=\"text-align: center;\" start=\"51\">\n<li><strong>Beef Sambal 179:-<\/strong><\/li>\n<\/ol>\n<p style=\"text-align: center;\"><em>(biff tillagad i stark sambals\u00e5s)<\/em><\/p>\n<ol style=\"text-align: center;\" start=\"52\">\n<li><strong>Beef Kashmiri\u00a0 179:-<\/strong><\/li>\n<\/ol>\n<p style=\"text-align: center;\"><em>(Biff tillagad med Nordindiska starka kryddor i s\u00e5s)<\/em><\/p>\n<ol style=\"text-align: center;\" start=\"53\">\n<li><strong>Beef Madras 179:-<\/strong><\/li>\n<\/ol>\n<p style=\"text-align: center;\"><em>(Sydindisk biffgryta tillagad med starka kryddor &amp; kokos i s\u00e5s)<\/em><\/p>\n<ol style=\"text-align: center;\" start=\"54\">\n<li><strong>Beef Vindaloo \u00a0\u00a0\u00a0 \u00a0179:-<\/strong><\/li>\n<\/ol>\n<p style=\"text-align: center;\"><em>(Biff tillagad i superstark Nordindisk s\u00e5s)<\/em><\/p>\n<h2 style=\"text-align: center;\"><span style=\"color: #ff9900;\"><strong><u>Lamm R\u00e4tter &#8211; Lamb Dishes<\/u><\/strong><\/span><\/h2>\n<h2 style=\"text-align: center;\"><span style=\"color: #ff9900;\"><strong><u>( Ris ing\u00e5r tii alla r\u00e4tter)<\/u><\/strong><\/span><\/h2>\n<ol style=\"text-align: center;\" start=\"55\">\n<li><strong>Lamb Curry 179:-<\/strong><\/li>\n<\/ol>\n<p style=\"text-align: center;\"><em>(Lamm tillagad i mellanstark s\u00e5s med f\u00e4rsk koriander<\/em><\/p>\n<ol style=\"text-align: center;\" start=\"56\">\n<li><strong>Lamb Dal \u00a0179:-<\/strong><\/li>\n<\/ol>\n<p style=\"text-align: center;\"><em>(Lamm tillagad med gula linser och f\u00e4rsk koriander i currys\u00e5s)<\/em><\/p>\n<ol style=\"text-align: center;\" start=\"57\">\n<li><strong>Lamb Spenat \u00a0179:-<\/strong><\/li>\n<\/ol>\n<p style=\"text-align: center;\"><em>(Lamm tillagad med friterad l\u00f6k i stark tomats\u00e5s)<\/em><\/p>\n<ol style=\"text-align: center;\" start=\"58\">\n<li><strong>Lamb Sambal \u00a0179:-<\/strong><\/li>\n<\/ol>\n<p style=\"text-align: center;\"><em>(Lamm tillagad i stark sambals\u00e5s)<\/em><\/p>\n<ol style=\"text-align: center;\" start=\"59\">\n<li><strong>Lamb Kashmiri\u00a0 179:-<\/strong><\/li>\n<\/ol>\n<p style=\"text-align: center;\"><em>(Lamm tillagad med Nordindiska starka kryddor i s\u00e5s)<\/em><\/p>\n<ol style=\"text-align: center;\" start=\"60\">\n<li><strong>Lamb Madras 179:-<\/strong><\/li>\n<\/ol>\n<p style=\"text-align: center;\"><em>(Sydindisk lammgryta tillagad med kokos och kryddor i s\u00e5s)<\/em><\/p>\n<ol style=\"text-align: center;\" start=\"61\">\n<li><strong>Lamb Vindaloo 179:-<\/strong><\/li>\n<\/ol>\n<p style=\"text-align: center;\"><em>(Lamm tillagad i superstark Nordindisk s\u00e5s)<\/em><\/p>\n<p style=\"text-align: center;\"><strong>\u00a0<\/strong><\/p>\n<h2 style=\"text-align: center;\"><span style=\"color: #ff9900;\"><strong><u>Fisk R\u00e4tter &#8211; Fish Dishes<\/u><\/strong><\/span><\/h2>\n<h2 style=\"text-align: center;\"><span style=\"color: #ff9900;\"><strong><u>( Ris ing\u00e5r tii alla r\u00e4tter)<\/u><\/strong><\/span><\/h2>\n<ol style=\"text-align: center;\" start=\"62\">\n<li><strong>Shrimp Curry 179:-<\/strong><\/li>\n<\/ol>\n<p style=\"text-align: center;\"><em>(Sm\u00e5 r\u00e4kor tillagas i mellanstark s\u00e5s med f\u00e4rsk koriander)<\/em><\/p>\n<ol style=\"text-align: center;\" start=\"63\">\n<li><strong>Shrimp Spenat 179:-<\/strong><\/li>\n<\/ol>\n<p style=\"text-align: center;\"><em>(Sm\u00e5 r\u00e4kor och spenat tillagas med tomat i currys\u00e5s)<\/em><\/p>\n<ol style=\"text-align: center;\" start=\"64\">\n<li><strong>Kingprawn Madras \u00a0199:-<\/strong><\/li>\n<\/ol>\n<p style=\"text-align: center;\"><em>(Kungsr\u00e4kor tillagas med kokos och starka kryddor i s\u00e5s)<\/em><\/p>\n<ol style=\"text-align: center;\" start=\"65\">\n<li><strong>Kingprawn Palak \u00a0199:-<\/strong><\/li>\n<\/ol>\n<p style=\"text-align: center;\"><em>(Kungsr\u00e4kor tillagas med spenat i baltis\u00e5s)<\/em><\/p>\n<ol style=\"text-align: center;\" start=\"66\">\n<li><strong>Shrimp Karai \u00a0179:-<\/strong><\/li>\n<\/ol>\n<p style=\"text-align: center;\"><em>(Sm\u00e5 r\u00e4kor tillagas med paprika,syltl\u00f6k &amp; ingef\u00e4ra i tomats\u00e5s)<\/em><\/p>\n<ol style=\"text-align: center;\" start=\"67\">\n<li><strong>Kingprawn Korma \u00a0199:-<\/strong><\/li>\n<\/ol>\n<p style=\"text-align: center;\"><em>(Kungsr\u00e4kor tillagas med yoghurt, russin, kokos och kryddor i cashewn\u00f6ts\u00e5s)<\/em><\/p>\n<h2 style=\"text-align: center;\"><span style=\"color: #ff9900;\"><strong><u>Vegetariska R\u00e4tter &#8211; Vegetable Dishes<\/u><\/strong><\/span><\/h2>\n<h2 style=\"text-align: center;\"><span style=\"color: #ff9900;\"><strong><u>( Ris ing\u00e5r tii alla r\u00e4tter)<\/u><\/strong><\/span><\/h2>\n<ol style=\"text-align: center;\" start=\"68\">\n<li><strong>Vegetable Masala 159:-<\/strong><\/li>\n<\/ol>\n<p style=\"text-align: center;\"><em>(Blandade f\u00e4rska gr\u00f6nsaker tillagas i mellanstark s\u00e5s)<\/em><\/p>\n<ol style=\"text-align: center;\" start=\"69\">\n<li><strong>Paneer Butter Masala 179:-<\/strong><\/li>\n<\/ol>\n<p style=\"text-align: center;\"><em>(F\u00e4rsk ost tillagas i gr\u00e4ddig tomats\u00e5s och cashewn\u00f6ts\u00e5s)<\/em><\/p>\n<ol style=\"text-align: center;\" start=\"70\">\n<li><strong>Palak Paneer 179:-<\/strong><\/li>\n<\/ol>\n<p style=\"text-align: center;\"><em>(F\u00e4rsk ost och blad spenat tillagas i tomats\u00e5s)<\/em><\/p>\n<ol style=\"text-align: center;\" start=\"71\">\n<li><strong>Daal Makhoni \u00a0159:-<\/strong><\/li>\n<\/ol>\n<p style=\"text-align: center;\"><em>(Blandade linser i tomat och cashewn\u00f6ts\u00e5s)<\/em><\/p>\n<ol style=\"text-align: center;\" start=\"72\">\n<li><strong>Spenat Dal \u00a0159:-<\/strong><\/li>\n<\/ol>\n<p style=\"text-align: center;\"><em>(Hackad spenat med linser och tomat i currys\u00e5s)<\/em><\/p>\n<ol style=\"text-align: center;\" start=\"73\">\n<li><strong>Vegetable Korma 159:-<\/strong><\/li>\n<\/ol>\n<p style=\"text-align: center;\"><em>(Blandade gr\u00f6nsakar tillagas med yoghurt, russin, kokos och kryddor i cashewn\u00f6ts\u00e5s)<\/em><\/p>\n<p style=\"text-align: center;\"><strong>74.Vegetable Karai\u00a0 \u00a0159:-<\/strong><\/p>\n<p style=\"text-align: center;\"><em>(Blandade gr\u00f6nsakar tillagas med ingef\u00e4ra i tomats\u00e5s)<\/em><\/p>\n<p style=\"text-align: center;\"><strong>75.Vegetable Balti\u00a0 159:-<\/strong><\/p>\n<p style=\"text-align: center;\"><em>(blandade gr\u00f6nsaker \u00a0som serveras i baltis\u00e5s och cashewn\u00f6ts\u00e5s)<\/em><\/p>\n<p style=\"text-align: center;\"><strong>75. Paneer Karai 189:-<\/strong><br \/><em>(Paneer tillagas med ingef\u00e4ra i tomats\u00e5s)<\/em><\/p>\n<p style=\"text-align: center;\"><strong>75.Paneer Balti 189:-<\/strong><br \/><em>(Paneer som serveras i baltis\u00e5s och cashewn\u00f6ts\u00e5s)<\/em><\/p>\n<p style=\"text-align: center;\"><strong>75.Paneer Korma 189:-<\/strong><br \/><em>(Paneer tillagas med yoghurt, kokos och kryddor i cashewn\u00f6ts\u00e5s)<\/em><\/p>\n<h2 style=\"text-align: center;\"><span style=\"color: #ff9900;\"><strong><u>Indisk Br\u00f6d &#8211; Indian Bread<\/u><\/strong><\/span><\/h2>\n<p style=\"text-align: center;\"><span style=\"color: #008000;\"><strong><em>br\u00f6d bakat i lerugn kallas naan<\/em><\/strong><\/span><\/p>\n<ol style=\"text-align: center;\" start=\"76\">\n<li><strong>Plain Naan \u00a029:-<\/strong><\/li>\n<\/ol>\n<p style=\"text-align: center;\"><em>(br\u00f6d bakat i lerugn)<\/em><\/p>\n<ol style=\"text-align: center;\" start=\"77\">\n<li><strong>Garlic Naan 35:-<\/strong><\/li>\n<\/ol>\n<p style=\"text-align: center;\"><em>(vitl\u00f6ksbr\u00f6d bakat i lerugn)<\/em><\/p>\n<ol style=\"text-align: center;\" start=\"78\">\n<li><strong>Masala Naan 49:-<\/strong><\/li>\n<\/ol>\n<p style=\"text-align: center;\"><em>(specialkryddat br\u00f6d bakat i lerugn)<\/em><\/p>\n<ol style=\"text-align: center;\" start=\"79\">\n<li><strong>Pashwari Naan\u00a0 55:-<\/strong><\/li>\n<\/ol>\n<p style=\"text-align: center;\"><em>(kokos,russin,cashewn\u00f6ter och socker inbakat br\u00f6d i lerugn)<\/em><\/p>\n<p style=\"text-align: center;\"><strong>\u00a0<\/strong><\/p>\n<h2 style=\"text-align: center;\"><span style=\"color: #ff9900;\"><strong><u>Extra Tillbeh\u00f6r<\/u><\/strong><\/span><\/h2>\n<ol style=\"text-align: center;\" start=\"81\">\n<li><strong>EXTRA RIS 30:-<\/strong><\/li>\n<li><strong>EXTRA S\u00c5S 59:-<\/strong><\/li>\n<\/ol>\n<ol style=\"text-align: center;\" start=\"82\">\n<li><strong>RAITA (Indisk tzatziki)\u00a0 35:-<\/strong><\/li>\n<\/ol>\n<p style=\"text-align: center;\"><em>(gurka, paprika blandat med yoghurt &amp; speciella Indiska kryddor)<\/em><\/p>\n<ol style=\"text-align: center;\" start=\"83\">\n<li><strong>PICKLES <em>(<\/em><em>mixed pickles)<\/em> 33:-<\/strong><\/li>\n<\/ol>\n<ol style=\"text-align: center;\" start=\"84\">\n<li><strong>MANGO CHUTNEY 33:-<\/strong><\/li>\n<\/ol>\n<p style=\"text-align: center;\"><strong><strong>85, Sallad 13:-<\/strong><\/strong><\/p>\n<h2 style=\"text-align: center;\"><span style=\"color: #ff9900;\"><strong><u>Drycker<\/u><\/strong><\/span><\/h2>\n<p style=\"text-align: center;\"><strong>L\u00e4sk\u00a0<em>(cola, fanta, sprite, zingo)<\/em>\u00a0 25:-<\/strong><\/p>\n<p style=\"text-align: center;\"><strong>Mineralvatten <em>(Loka Naturell, Citrun)<\/em> 25:-<\/strong><\/p>\n<p style=\"text-align: center;\"><strong>Juice <em>(<\/em><em>Mer- p\u00e4ron, Apelsin)<\/em>\u00a0 19:-<\/strong><\/p>\n<p style=\"text-align: center;\"><strong>Red Bull \/ Red Bull suger free\u00a0 29:-<\/strong><\/p>\n\n\n<p><\/p>\n","protected":false},"excerpt":{"rendered":"<p>OBS! Sista best\u00e4llning 20:30 OBS ! Om du \u00e4r allergisk mot n\u00e5got s\u00e4g g\u00e4rna till personalen vid best\u00e4llning ! F\u00f6rr\u00e4tter &#8211; Appetizers Masala \u00e4r ett ord f\u00f6r olika typer av&#8230;<\/p>\n","protected":false},"author":1,"featured_media":2574,"parent":0,"menu_order":0,"comment_status":"closed","ping_status":"closed","template":"","meta":{"footnotes":""},"class_list":["post-2457","page","type-page","status-publish","has-post-thumbnail","hentry"],"_links":{"self":[{"href":"https:\/\/newasiangarden.se\/index.php?rest_route=\/wp\/v2\/pages\/2457","targetHints":{"allow":["GET"]}}],"collection":[{"href":"https:\/\/newasiangarden.se\/index.php?rest_route=\/wp\/v2\/pages"}],"about":[{"href":"https:\/\/newasiangarden.se\/index.php?rest_route=\/wp\/v2\/types\/page"}],"author":[{"embeddable":true,"href":"https:\/\/newasiangarden.se\/index.php?rest_route=\/wp\/v2\/users\/1"}],"replies":[{"embeddable":true,"href":"https:\/\/newasiangarden.se\/index.php?rest_route=%2Fwp%2Fv2%2Fcomments&post=2457"}],"version-history":[{"count":33,"href":"https:\/\/newasiangarden.se\/index.php?rest_route=\/wp\/v2\/pages\/2457\/revisions"}],"predecessor-version":[{"id":3039,"href":"https:\/\/newasiangarden.se\/index.php?rest_route=\/wp\/v2\/pages\/2457\/revisions\/3039"}],"wp:featuredmedia":[{"embeddable":true,"href":"https:\/\/newasiangarden.se\/index.php?rest_route=\/wp\/v2\/media\/2574"}],"wp:attachment":[{"href":"https:\/\/newasiangarden.se\/index.php?rest_route=%2Fwp%2Fv2%2Fmedia&parent=2457"}],"curies":[{"name":"wp","href":"https:\/\/api.w.org\/{rel}","templated":true}]}}